{"id":1159,"date":"2023-05-01T00:00:23","date_gmt":"2023-04-30T21:00:23","guid":{"rendered":"https:\/\/www.liisakarling.com\/?page_id=1159"},"modified":"2023-11-10T18:44:02","modified_gmt":"2023-11-10T16:44:02","slug":"private-lessons","status":"publish","type":"page","link":"https:\/\/www.liisakarling.com\/es\/teaching\/private-lessons\/","title":{"rendered":"Cursos individuales"},"content":{"rendered":"<div data-elementor-type=\"wp-page\" data-elementor-id=\"1159\" class=\"elementor elementor-1159\" data-elementor-post-type=\"page\">\n\t\t\t\t\t\t<section class=\"elementor-section elementor-top-section elementor-element elementor-element-3de4210 elementor-section-height-min-height elementor-section-full_width elementor-section-height-default elementor-section-items-middle\" data-id=\"3de4210\" data-element_type=\"section\" data-e-type=\"section\" data-settings=\"{&quot;background_background&quot;:&quot;classic&quot;}\">\n\t\t\t\t\t\t\t<div class=\"elementor-background-overlay\"><\/div>\n\t\t\t\t\t\t\t<div class=\"elementor-container elementor-column-gap-no\">\n\t\t\t\t\t<div class=\"elementor-column elementor-col-100 elementor-top-column elementor-element elementor-element-413cd3d\" data-id=\"413cd3d\" data-element_type=\"column\" data-e-type=\"column\">\n\t\t\t<div class=\"elementor-widget-wrap elementor-element-populated\">\n\t\t\t\t\t\t<div class=\"elementor-element elementor-element-30f4fa9 animated-slow elementor-invisible elementor-widget elementor-widget-qi_addons_for_elementor_section_title\" data-id=\"30f4fa9\" data-element_type=\"widget\" data-e-type=\"widget\" data-settings=\"{&quot;_animation&quot;:&quot;zoomIn&quot;}\" data-widget_type=\"qi_addons_for_elementor_section_title.default\">\n\t\t\t\t<div class=\"elementor-widget-container\">\n\t\t\t\t\t<div class=\"qodef-shortcode qodef-m qodef-qi-section-title qodef-decoration--underline qodef-link--underline-draw qodef-subtitle-icon--left\">\n\t\t\t<h1 class=\"qodef-m-title\">\n\t\tCursos individuales\t<\/h1>\n\t\t\t\t\t\t<\/div>\n\t\t\t\t<\/div>\n\t\t\t\t<\/div>\n\t\t\t\t\t<\/div>\n\t\t<\/div>\n\t\t\t\t\t<\/div>\n\t\t<\/section>\n\t\t<div class=\"elementor-element elementor-element-dd461de e-flex e-con-boxed e-con e-parent\" data-id=\"dd461de\" data-element_type=\"container\" data-e-type=\"container\">\n\t\t\t\t\t<div class=\"e-con-inner\">\n\t\t\t\t<div class=\"elementor-element elementor-element-a48d9b8 elementor-widget elementor-widget-text-editor\" data-id=\"a48d9b8\" data-element_type=\"widget\" data-e-type=\"widget\" data-widget_type=\"text-editor.default\">\n\t\t\t\t<div class=\"elementor-widget-container\">\n\t\t\t\t\t\t\t\t\t<h2>\u00bfDe qu\u00e9 se trata?<\/h2><p>El curso individual es un curso de fotograf\u00eda impartido por un entrenador personal. El curso privado se organiza seg\u00fan tus deseos. Nos enfocamos en las cosas que m\u00e1s necesitas<br \/>En un curso individual aprender\u00e1s exactamente lo que necesitas aprender.<br \/>Un curso individual te ayudar\u00e1 a desarrollarte como fot\u00f3grafo a\u00f1os m\u00e1s r\u00e1pido que horas de tutoriales en l\u00ednea. Los cursos individuales pueden impartirse en el lugar que prefieras o a distancia, seg\u00fan te convenga.<br \/>Trabajando desde tu propio punto de partida, podemos centrarnos en ense\u00f1arte las cosas que te llevar\u00e1n m\u00e1s lejos. La clase no es un paquete planificado de antemano en el que el profesor te explica lo que est\u00e1s acostumbrado a hacer, sino una sesi\u00f3n de coaching verdaderamente interactiva en la que debatimos el tema desde distintas perspectivas hasta que est\u00e1s seguro de tenerlo completamente claro.<br \/>Podemos dedicarnos a la fotograf\u00eda o al tratamiento de im\u00e1genes. Por supuesto, los dos est\u00e1n estrechamente relacionados y suele ser buena idea tocar el otro cuando se habla de uno.<\/p><h2>\u00bfPor qu\u00e9 conviene tomar cursos individuales?<\/h2><p>Merece la pena tomar cursos individuales porque quieres aprender y mejorar. Has invertido mucho dinero en tu c\u00e1mara de sistema, as\u00ed que quieres sacarle el m\u00e1ximo partido.<br \/>Hay muchas razones para querer hacer esto, algunas personas tienen una necesidad de fotos en el trabajo, otros quieren a\u00f1adir sus propias fotos personales a sus canales de medios sociales, y otros quieren capturar momentos \u00fanicos con su familia. Sea cual sea la raz\u00f3n, te prometo que aprender\u00e1s m\u00e1s.<\/p><h3>Se recompensa la regularidad<\/h3><p>Para obtener los mejores resultados, lo mejor es tomar cursos individuales con regularidad, recomend\u00e1ndose un ritmo semanal o bimensual para asegurarse de que no se olvidan las lecciones anteriores. Por supuesto, siempre puedes elegir la frecuencia de asistencia, en funci\u00f3n de tu situaci\u00f3n vital, tu inspiraci\u00f3n y tus recursos.<\/p><h3>\u00bfC\u00f3mo funciona?<\/h3><p>Siempre empezamos la clase mirando las fotos que hab\u00e9is hecho. La \u00faltima vez hablamos de las cosas que te hacen avanzar, y tienes algunas cosas en las que pensar cuando haces fotos. Miraremos tus fotos para ver qu\u00e9 tan bien lo has hecho.<br \/>Vale la pena pensar en el aprendizaje como un proceso a largo plazo. Nadie se convierte en un maestro al d\u00eda siguiente, pero con un enfoque sistem\u00e1tico siempre pasar\u00e1s al siguiente nivel en un tiempo razonable.<\/p><h2>Precio<\/h2><p>El precio de los cursos individuales depende del n\u00famero de cursos que compres al mismo tiempo.<br \/>No dudes en ponerte en contacto conmigo para obtener m\u00e1s informaci\u00f3n.<\/p>\t\t\t\t\t\t\t\t<\/div>\n\t\t\t\t<\/div>\n\t\t\t\t<div class=\"elementor-element elementor-element-699ddee elementor-widget elementor-widget-global elementor-global-908 elementor-widget-button\" data-id=\"699ddee\" data-element_type=\"widget\" data-e-type=\"widget\" data-widget_type=\"button.default\">\n\t\t\t\t<div class=\"elementor-widget-container\">\n\t\t\t\t\t\t\t\t\t<div class=\"elementor-button-wrapper\">\n\t\t\t\t\t<a class=\"elementor-button elementor-button-link elementor-size-sm\" href=\"https:\/\/www.liisakarling.com\/es\/contact\/\">\n\t\t\t\t\t\t<span class=\"elementor-button-content-wrapper\">\n\t\t\t\t\t\t<span class=\"elementor-button-icon\">\n\t\t\t\t<svg aria-hidden=\"true\" class=\"e-font-icon-svg e-far-paper-plane\" viewbox=\"0 0 512 512\" xmlns=\"http:\/\/www.w3.org\/2000\/svg\"><path d=\"M440 6.5L24 246.4c-34.4 19.9-31.1 70.8 5.7 85.9L144 379.6V464c0 46.4 59.2 65.5 86.6 28.6l43.8-59.1 111.9 46.2c5.9 2.4 12.1 3.6 18.3 3.6 8.2 0 16.3-2.1 23.6-6.2 12.8-7.2 21.6-20 23.9-34.5l59.4-387.2c6.1-40.1-36.9-68.8-71.5-48.9zM192 464v-64.6l36.6 15.1L192 464zm212.6-28.7l-153.8-63.5L391 169.5c10.7-15.5-9.5-33.5-23.7-21.2L155.8 332.6 48 288 464 48l-59.4 387.3z\"><\/path><\/svg>\t\t\t<\/span>\n\t\t\t\t\t\t\t\t\t<span class=\"elementor-button-text\">Cont\u00e1ctame<\/span>\n\t\t\t\t\t<\/span>\n\t\t\t\t\t<\/a>\n\t\t\t\t<\/div>\n\t\t\t\t\t\t\t\t<\/div>\n\t\t\t\t<\/div>\n\t\t\t\t\t<\/div>\n\t\t\t\t<\/div>\n\t\t\t\t<section class=\"elementor-section elementor-top-section elementor-element elementor-element-27fbe2ec elementor-section-boxed elementor-section-height-default elementor-section-height-default\" data-id=\"27fbe2ec\" data-element_type=\"section\" data-e-type=\"section\" data-settings=\"{&quot;background_background&quot;:&quot;classic&quot;}\">\n\t\t\t\t\t\t<div class=\"elementor-container elementor-column-gap-no\">\n\t\t\t\t\t<div class=\"elementor-column elementor-col-100 elementor-top-column elementor-element elementor-element-3cd9833b\" data-id=\"3cd9833b\" data-element_type=\"column\" data-e-type=\"column\">\n\t\t\t<div class=\"elementor-widget-wrap elementor-element-populated\">\n\t\t\t\t\t\t<div class=\"elementor-element elementor-element-5a7298b elementor-widget elementor-widget-global elementor-global-408 elementor-widget-qi_addons_for_elementor_section_title\" data-id=\"5a7298b\" data-element_type=\"widget\" data-e-type=\"widget\" data-widget_type=\"qi_addons_for_elementor_section_title.default\">\n\t\t\t\t<div class=\"elementor-widget-container\">\n\t\t\t\t\t<div class=\"qodef-shortcode qodef-m qodef-qi-section-title qodef-decoration--underline qodef-link--underline-draw qodef-subtitle-icon--left\">\n\t\t\t\t<h3 class=\"qodef-m-subtitle\">\n\t\t\u00daltimos testimonios\t\t\t<\/h3>\n\t\t\t<h2 class=\"qodef-m-title translation-block\">Lo que mis <span class=\"qodef-e-colored\">clientes<\/span> <span class=\"qodef-e-colored\">dicen<\/span><\/h2>\n\t\t\t<\/div>\n\t\t\t\t<\/div>\n\t\t\t\t<\/div>\n\t\t\t\t<div class=\"elementor-element elementor-element-f1df405 elementor-widget elementor-widget-global elementor-global-405 elementor-widget-qi_addons_for_elementor_testimonials_list\" data-id=\"f1df405\" data-element_type=\"widget\" data-e-type=\"widget\" data-widget_type=\"qi_addons_for_elementor_testimonials_list.default\">\n\t\t\t\t<div class=\"elementor-widget-container\">\n\t\t\t\t\t<div class=\"qodef-shortcode qodef-m qodef-qi-testimonials-list qodef-qi-grid qodef-layout--qi-columns qodef-col-num--2 qodef-item-layout--side-quote qodef-responsive--custom qodef-col-num--1680--3 qodef-col-num--1440--2 qodef-col-num--1366--2 qodef-col-num--1024--2 qodef-col-num--768--1 qodef-col-num--680--1 qodef-col-num--480--1\">\n\t<div class=\"qodef-grid-inner\">\n\t\t<div class=\"qodef-e qodef-grid-item elementor-repeater-item-d62dc3c\">\n\t<div class=\"qodef-e-inner\">\n\t\t\t<div class=\"qodef-e-quote\">\n\t\t<svg aria-hidden=\"true\" class=\"e-font-icon-svg e-fas-quote-left\" viewbox=\"0 0 512 512\" xmlns=\"http:\/\/www.w3.org\/2000\/svg\"><path d=\"M464 256h-80v-64c0-35.3 28.7-64 64-64h8c13.3 0 24-10.7 24-24V56c0-13.3-10.7-24-24-24h-8c-88.4 0-160 71.6-160 160v240c0 26.5 21.5 48 48 48h128c26.5 0 48-21.5 48-48V304c0-26.5-21.5-48-48-48zm-288 0H96v-64c0-35.3 28.7-64 64-64h8c13.3 0 24-10.7 24-24V56c0-13.3-10.7-24-24-24h-8C71.6 32 0 103.6 0 192v240c0 26.5 21.5 48 48 48h128c26.5 0 48-21.5 48-48V304c0-26.5-21.5-48-48-48z\"><\/path><\/svg>\t<\/div>\n\t\t\t<div class=\"qodef-e-content\">\n\t\t\t\t<p itemprop=\"description\" class=\"qodef-e-text\">Contactamos con Liisa para que nos ayudara a fotografiar nuestra boda en Espa\u00f1a, desde el primer contacto fue extremadamente servicial, amable y s\u00f3lo quer\u00eda lo mejor para nosotros.\n\nCuando surgieron problemas, los solucion\u00f3 con una sonrisa, ninguna de nuestras peticiones fue un problema. \n\nEl resultado final fue excepcional, no podr\u00edamos estar m\u00e1s contentos con las fotos.\nNos pondr\u00edamos en contacto con Liisa de inmediato si necesit\u00e1ramos un fot\u00f3grafo en el futuro.\n<\/p>\n\t\t\t<div class=\"qodef-e-bottom-info\">\n\t\t\t\t\t<div class=\"qodef-e-media-image\">\n\t\t<img decoding=\"async\" width=\"150\" height=\"150\" src=\"https:\/\/www.liisakarling.com\/wp-content\/uploads\/2025\/05\/color_128-150x150.jpg\" class=\"attachment-thumbnail size-thumbnail\" alt=\"Wedding portrait of the bride and groom smiling at each other, dressed in wedding attire, with a natural outdoor background.\" srcset=\"https:\/\/www.liisakarling.com\/wp-content\/uploads\/2025\/05\/color_128-150x150.jpg 150w, https:\/\/www.liisakarling.com\/wp-content\/uploads\/2025\/05\/color_128-650x650.jpg 650w\" sizes=\"(max-width: 150px) 100vw, 150px\" \/>\t<\/div>\n\t\t\t\t\t<div class=\"qodef-e-author\">\n\t\t<h5 class=\"qodef-e-author-name\">Anett &amp; Joakim<\/h5>\n\t\t\t\t\t<span class=\"qodef-e-author-job\">Norway, Sweden<\/span>\n\t\t\t<\/div>\n\t\t\t<\/div>\n\t\t<\/div>\n\t<\/div>\n<\/div>\n<div class=\"qodef-e qodef-grid-item elementor-repeater-item-678183d\">\n\t<div class=\"qodef-e-inner\">\n\t\t\t<div class=\"qodef-e-quote\">\n\t\t<svg aria-hidden=\"true\" class=\"e-font-icon-svg e-fas-quote-left\" viewbox=\"0 0 512 512\" xmlns=\"http:\/\/www.w3.org\/2000\/svg\"><path d=\"M464 256h-80v-64c0-35.3 28.7-64 64-64h8c13.3 0 24-10.7 24-24V56c0-13.3-10.7-24-24-24h-8c-88.4 0-160 71.6-160 160v240c0 26.5 21.5 48 48 48h128c26.5 0 48-21.5 48-48V304c0-26.5-21.5-48-48-48zm-288 0H96v-64c0-35.3 28.7-64 64-64h8c13.3 0 24-10.7 24-24V56c0-13.3-10.7-24-24-24h-8C71.6 32 0 103.6 0 192v240c0 26.5 21.5 48 48 48h128c26.5 0 48-21.5 48-48V304c0-26.5-21.5-48-48-48z\"><\/path><\/svg>\t<\/div>\n\t\t\t<div class=\"qodef-e-content\">\n\t\t\t\t<p itemprop=\"description\" class=\"qodef-e-text\">Grandes fotos y estoy muy contento con todos ellos. Si usted quiere tener sus fotos tomadas - elegir Liisa, ella es una profesional, amable y te hace sentir c\u00f3modo.<\/p>\n\t\t\t<div class=\"qodef-e-bottom-info\">\n\t\t\t\t\t<div class=\"qodef-e-media-image\">\n\t\t<img decoding=\"async\" width=\"150\" height=\"150\" src=\"https:\/\/www.liisakarling.com\/wp-content\/uploads\/2025\/05\/color_101-150x150.jpg\" class=\"attachment-thumbnail size-thumbnail\" alt=\"Woman lying at the beach in a sexy photo\" srcset=\"https:\/\/www.liisakarling.com\/wp-content\/uploads\/2025\/05\/color_101-150x150.jpg 150w, https:\/\/www.liisakarling.com\/wp-content\/uploads\/2025\/05\/color_101-300x300.jpg 300w, https:\/\/www.liisakarling.com\/wp-content\/uploads\/2025\/05\/color_101-1024x1024.jpg 1024w, https:\/\/www.liisakarling.com\/wp-content\/uploads\/2025\/05\/color_101-768x768.jpg 768w, https:\/\/www.liisakarling.com\/wp-content\/uploads\/2025\/05\/color_101-12x12.jpg 12w, https:\/\/www.liisakarling.com\/wp-content\/uploads\/2025\/05\/color_101-650x650.jpg 650w, https:\/\/www.liisakarling.com\/wp-content\/uploads\/2025\/05\/color_101.jpg 1280w\" sizes=\"(max-width: 150px) 100vw, 150px\" \/>\t<\/div>\n\t\t\t\t\t<div class=\"qodef-e-author\">\n\t\t<h5 class=\"qodef-e-author-name\">ROSIE BILLQUIST<\/h5>\n\t\t\t\t\t<span class=\"qodef-e-author-job\">Sweden<\/span>\n\t\t\t<\/div>\n\t\t\t<\/div>\n\t\t<\/div>\n\t<\/div>\n<\/div>\n<div class=\"qodef-e qodef-grid-item elementor-repeater-item-f908fb9\">\n\t<div class=\"qodef-e-inner\">\n\t\t\t<div class=\"qodef-e-quote\">\n\t\t<svg aria-hidden=\"true\" class=\"e-font-icon-svg e-fas-quote-left\" viewbox=\"0 0 512 512\" xmlns=\"http:\/\/www.w3.org\/2000\/svg\"><path d=\"M464 256h-80v-64c0-35.3 28.7-64 64-64h8c13.3 0 24-10.7 24-24V56c0-13.3-10.7-24-24-24h-8c-88.4 0-160 71.6-160 160v240c0 26.5 21.5 48 48 48h128c26.5 0 48-21.5 48-48V304c0-26.5-21.5-48-48-48zm-288 0H96v-64c0-35.3 28.7-64 64-64h8c13.3 0 24-10.7 24-24V56c0-13.3-10.7-24-24-24h-8C71.6 32 0 103.6 0 192v240c0 26.5 21.5 48 48 48h128c26.5 0 48-21.5 48-48V304c0-26.5-21.5-48-48-48z\"><\/path><\/svg>\t<\/div>\n\t\t\t<div class=\"qodef-e-content\">\n\t\t\t\t<p itemprop=\"description\" class=\"qodef-e-text\">Gracias Liisa por el incre\u00edble ambiente y tu incre\u00edble trabajo.\nMe sent\u00ed muy c\u00f3moda y relajada, y eso se nota en el resultado.\nNo s\u00f3lo tienes talento, sino que tambi\u00e9n tienes un o\u00eddo de oro.<\/p>\n\t\t\t<div class=\"qodef-e-bottom-info\">\n\t\t\t\t\t<div class=\"qodef-e-media-image\">\n\t\t<img decoding=\"async\" width=\"150\" height=\"150\" src=\"https:\/\/www.liisakarling.com\/wp-content\/uploads\/2025\/05\/color_117-150x150.jpg\" class=\"attachment-thumbnail size-thumbnail\" alt=\"A handsom man smiling towards the camera\" srcset=\"https:\/\/www.liisakarling.com\/wp-content\/uploads\/2025\/05\/color_117-150x150.jpg 150w, https:\/\/www.liisakarling.com\/wp-content\/uploads\/2025\/05\/color_117-300x300.jpg 300w, https:\/\/www.liisakarling.com\/wp-content\/uploads\/2025\/05\/color_117-1024x1024.jpg 1024w, https:\/\/www.liisakarling.com\/wp-content\/uploads\/2025\/05\/color_117-768x768.jpg 768w, https:\/\/www.liisakarling.com\/wp-content\/uploads\/2025\/05\/color_117-12x12.jpg 12w, https:\/\/www.liisakarling.com\/wp-content\/uploads\/2025\/05\/color_117-650x650.jpg 650w, https:\/\/www.liisakarling.com\/wp-content\/uploads\/2025\/05\/color_117.jpg 1280w\" sizes=\"(max-width: 150px) 100vw, 150px\" \/>\t<\/div>\n\t\t\t\t\t<div class=\"qodef-e-author\">\n\t\t<h5 class=\"qodef-e-author-name\">STEFAN LINDIG<\/h5>\n\t\t\t\t\t<span class=\"qodef-e-author-job\">German<\/span>\n\t\t\t<\/div>\n\t\t\t<\/div>\n\t\t<\/div>\n\t<\/div>\n<\/div>\n\t<\/div>\n<\/div>\n\t\t\t\t<\/div>\n\t\t\t\t<\/div>\n\t\t\t\t<div class=\"elementor-element elementor-element-083d5ee elementor-align-center elementor-widget elementor-widget-global elementor-global-939 elementor-widget-button\" data-id=\"083d5ee\" data-element_type=\"widget\" data-e-type=\"widget\" data-widget_type=\"button.default\">\n\t\t\t\t<div class=\"elementor-widget-container\">\n\t\t\t\t\t\t\t\t\t<div class=\"elementor-button-wrapper\">\n\t\t\t\t\t<a class=\"elementor-button elementor-button-link elementor-size-sm\" href=\"https:\/\/www.liisakarling.com\/es\/about-me\/testimonials\/\">\n\t\t\t\t\t\t<span class=\"elementor-button-content-wrapper\">\n\t\t\t\t\t\t\t\t\t<span class=\"elementor-button-text\">Leer todos los testimonios<\/span>\n\t\t\t\t\t<\/span>\n\t\t\t\t\t<\/a>\n\t\t\t\t<\/div>\n\t\t\t\t\t\t\t\t<\/div>\n\t\t\t\t<\/div>\n\t\t\t\t\t<\/div>\n\t\t<\/div>\n\t\t\t\t\t<\/div>\n\t\t<\/section>\n\t\t\t\t<section class=\"elementor-section elementor-top-section elementor-element elementor-element-2d419d01 elementor-section-boxed elementor-section-height-default elementor-section-height-default\" data-id=\"2d419d01\" data-element_type=\"section\" data-e-type=\"section\">\n\t\t\t\t\t\t<div class=\"elementor-container elementor-column-gap-no\">\n\t\t\t\t\t<div class=\"elementor-column elementor-col-100 elementor-top-column elementor-element elementor-element-702d36db\" data-id=\"702d36db\" data-element_type=\"column\" data-e-type=\"column\">\n\t\t\t<div class=\"elementor-widget-wrap elementor-element-populated\">\n\t\t\t\t\t\t<div class=\"elementor-element elementor-element-6ad4f234 elementor-widget__width-initial elementor-widget-mobile__width-inherit elementor-widget elementor-widget-global elementor-global-769 elementor-widget-qi_addons_for_elementor_counter\" data-id=\"6ad4f234\" data-element_type=\"widget\" data-e-type=\"widget\" data-widget_type=\"qi_addons_for_elementor_counter.default\">\n\t\t\t\t<div class=\"elementor-widget-container\">\n\t\t\t\t\t<div class=\"qodef-shortcode qodef-m qodef-qi-counter qodef-layout--simple qodef-digit-stroke-effect\" data-start-digit=\"5\" data-end-digit=\"24\" data-step-digit=\"1\">\n\t<div class=\"qodef-m-digit-wrapper\">\n\t\t<div class=\"qodef-m-digit\"><\/div>\n\t<div class=\"qodef-m-icon\">\n\t\t\t\t\t<svg aria-hidden=\"true\" class=\"e-font-icon-svg e-fas-award\" viewbox=\"0 0 384 512\" xmlns=\"http:\/\/www.w3.org\/2000\/svg\"><path d=\"M97.12 362.63c-8.69-8.69-4.16-6.24-25.12-11.85-9.51-2.55-17.87-7.45-25.43-13.32L1.2 448.7c-4.39 10.77 3.81 22.47 15.43 22.03l52.69-2.01L105.56 507c8 8.44 22.04 5.81 26.43-4.96l52.05-127.62c-10.84 6.04-22.87 9.58-35.31 9.58-19.5 0-37.82-7.59-51.61-21.37zM382.8 448.7l-45.37-111.24c-7.56 5.88-15.92 10.77-25.43 13.32-21.07 5.64-16.45 3.18-25.12 11.85-13.79 13.78-32.12 21.37-51.62 21.37-12.44 0-24.47-3.55-35.31-9.58L252 502.04c4.39 10.77 18.44 13.4 26.43 4.96l36.25-38.28 52.69 2.01c11.62.44 19.82-11.27 15.43-22.03zM263 340c15.28-15.55 17.03-14.21 38.79-20.14 13.89-3.79 24.75-14.84 28.47-28.98 7.48-28.4 5.54-24.97 25.95-45.75 10.17-10.35 14.14-25.44 10.42-39.58-7.47-28.38-7.48-24.42 0-52.83 3.72-14.14-.25-29.23-10.42-39.58-20.41-20.78-18.47-17.36-25.95-45.75-3.72-14.14-14.58-25.19-28.47-28.98-27.88-7.61-24.52-5.62-44.95-26.41-10.17-10.35-25-14.4-38.89-10.61-27.87 7.6-23.98 7.61-51.9 0-13.89-3.79-28.72.25-38.89 10.61-20.41 20.78-17.05 18.8-44.94 26.41-13.89 3.79-24.75 14.84-28.47 28.98-7.47 28.39-5.54 24.97-25.95 45.75-10.17 10.35-14.15 25.44-10.42 39.58 7.47 28.36 7.48 24.4 0 52.82-3.72 14.14.25 29.23 10.42 39.59 20.41 20.78 18.47 17.35 25.95 45.75 3.72 14.14 14.58 25.19 28.47 28.98C104.6 325.96 106.27 325 121 340c13.23 13.47 33.84 15.88 49.74 5.82a39.676 39.676 0 0 1 42.53 0c15.89 10.06 36.5 7.65 49.73-5.82zM97.66 175.96c0-53.03 42.24-96.02 94.34-96.02s94.34 42.99 94.34 96.02-42.24 96.02-94.34 96.02-94.34-42.99-94.34-96.02z\"><\/path><\/svg>\t\t\t<\/div>\n\t<\/div>\n\t\t<div class=\"qodef-m-separator qodef-qi-clear\">\n\t\t<div class=\"qodef-shortcode qodef-m qodef-qi-separator qodef-qi-clear qodef-separator--standard\">\t<div class=\"qodef-m-line\"><\/div><\/div>\t<\/div>\n\t<div class=\"qodef-m-content\">\n\t\t\t<h4 class=\"qodef-m-title\">\n\t\tPremios\t<\/h4>\n\t\t\t<\/div>\n<\/div>\n\t\t\t\t<\/div>\n\t\t\t\t<\/div>\n\t\t\t\t<div class=\"elementor-element elementor-element-537beb4e elementor-widget__width-initial elementor-widget-mobile__width-inherit elementor-widget elementor-widget-global elementor-global-780 elementor-widget-qi_addons_for_elementor_counter\" data-id=\"537beb4e\" data-element_type=\"widget\" data-e-type=\"widget\" data-widget_type=\"qi_addons_for_elementor_counter.default\">\n\t\t\t\t<div class=\"elementor-widget-container\">\n\t\t\t\t\t<div class=\"qodef-shortcode qodef-m qodef-qi-counter qodef-layout--simple qodef-digit-stroke-effect\" data-start-digit=\"4000\" data-end-digit=\"7657\" data-step-digit=\"200\">\n\t<div class=\"qodef-m-digit-wrapper\">\n\t\t<div class=\"qodef-m-digit\"><\/div>\n\t<div class=\"qodef-m-icon\">\n\t\t\t\t\t<svg aria-hidden=\"true\" class=\"e-font-icon-svg e-fas-user-friends\" viewbox=\"0 0 640 512\" xmlns=\"http:\/\/www.w3.org\/2000\/svg\"><path d=\"M192 256c61.9 0 112-50.1 112-112S253.9 32 192 32 80 82.1 80 144s50.1 112 112 112zm76.8 32h-8.3c-20.8 10-43.9 16-68.5 16s-47.6-6-68.5-16h-8.3C51.6 288 0 339.6 0 403.2V432c0 26.5 21.5 48 48 48h288c26.5 0 48-21.5 48-48v-28.8c0-63.6-51.6-115.2-115.2-115.2zM480 256c53 0 96-43 96-96s-43-96-96-96-96 43-96 96 43 96 96 96zm48 32h-3.8c-13.9 4.8-28.6 8-44.2 8s-30.3-3.2-44.2-8H432c-20.4 0-39.2 5.9-55.7 15.4 24.4 26.3 39.7 61.2 39.7 99.8v38.4c0 2.2-.5 4.3-.6 6.4H592c26.5 0 48-21.5 48-48 0-61.9-50.1-112-112-112z\"><\/path><\/svg>\t\t\t<\/div>\n\t<\/div>\n\t\t<div class=\"qodef-m-separator qodef-qi-clear\">\n\t\t<div class=\"qodef-shortcode qodef-m qodef-qi-separator qodef-qi-clear qodef-separator--standard\">\t<div class=\"qodef-m-line\"><\/div><\/div>\t<\/div>\n\t<div class=\"qodef-m-content\">\n\t\t\t<h4 class=\"qodef-m-title\">\n\t\tClientes\t<\/h4>\n\t\t\t<\/div>\n<\/div>\n\t\t\t\t<\/div>\n\t\t\t\t<\/div>\n\t\t\t\t<div class=\"elementor-element elementor-element-b5a8a87 elementor-widget__width-initial elementor-widget-mobile__width-inherit elementor-widget elementor-widget-global elementor-global-860 elementor-widget-qi_addons_for_elementor_counter\" data-id=\"b5a8a87\" data-element_type=\"widget\" data-e-type=\"widget\" data-widget_type=\"qi_addons_for_elementor_counter.default\">\n\t\t\t\t<div class=\"elementor-widget-container\">\n\t\t\t\t\t<div class=\"qodef-shortcode qodef-m qodef-qi-counter qodef-layout--simple qodef-digit-stroke-effect\" data-start-digit=\"5000\" data-end-digit=\"11637\" data-step-digit=\"500\">\n\t<div class=\"qodef-m-digit-wrapper\">\n\t\t<div class=\"qodef-m-digit\"><\/div>\n\t<div class=\"qodef-m-icon\">\n\t\t\t\t\t<svg aria-hidden=\"true\" class=\"e-font-icon-svg e-fas-camera\" viewbox=\"0 0 512 512\" xmlns=\"http:\/\/www.w3.org\/2000\/svg\"><path d=\"M512 144v288c0 26.5-21.5 48-48 48H48c-26.5 0-48-21.5-48-48V144c0-26.5 21.5-48 48-48h88l12.3-32.9c7-18.7 24.9-31.1 44.9-31.1h125.5c20 0 37.9 12.4 44.9 31.1L376 96h88c26.5 0 48 21.5 48 48zM376 288c0-66.2-53.8-120-120-120s-120 53.8-120 120 53.8 120 120 120 120-53.8 120-120zm-32 0c0 48.5-39.5 88-88 88s-88-39.5-88-88 39.5-88 88-88 88 39.5 88 88z\"><\/path><\/svg>\t\t\t<\/div>\n\t<\/div>\n\t\t<div class=\"qodef-m-separator qodef-qi-clear\">\n\t\t<div class=\"qodef-shortcode qodef-m qodef-qi-separator qodef-qi-clear qodef-separator--standard\">\t<div class=\"qodef-m-line\"><\/div><\/div>\t<\/div>\n\t<div class=\"qodef-m-content\">\n\t\t\t<h4 class=\"qodef-m-title\">\n\t\tSesiones\t<\/h4>\n\t\t\t<\/div>\n<\/div>\n\t\t\t\t<\/div>\n\t\t\t\t<\/div>\n\t\t\t\t\t<\/div>\n\t\t<\/div>\n\t\t\t\t\t<\/div>\n\t\t<\/section>\n\t\t\t\t<section class=\"elementor-section elementor-top-section elementor-element elementor-element-8fbe27e elementor-section-full_width elementor-section-height-default elementor-section-height-default\" data-id=\"8fbe27e\" data-element_type=\"section\" data-e-type=\"section\">\n\t\t\t\t\t\t<div class=\"elementor-container elementor-column-gap-no\">\n\t\t\t\t\t<div class=\"elementor-column elementor-col-100 elementor-top-column elementor-element elementor-element-7053d471\" data-id=\"7053d471\" data-element_type=\"column\" data-e-type=\"column\">\n\t\t\t<div class=\"elementor-widget-wrap elementor-element-populated\">\n\t\t\t\t\t\t\t<\/div>\n\t\t<\/div>\n\t\t\t\t\t<\/div>\n\t\t<\/section>\n\t\t\t\t<\/div>","protected":false},"excerpt":{"rendered":"<p>Private Lessons What is it about? The private lesson is a photography personal trainer lesson. A private lesson is organised according to your wishes. We focus on the things you need the most guidance on.In a private lesson you will learn exactly what you need to learn.A private lesson will help you develop as a [&hellip;]<\/p>\n","protected":false},"author":1,"featured_media":1105,"parent":270,"menu_order":1,"comment_status":"closed","ping_status":"closed","template":"","meta":{"_monsterinsights_skip_tracking":false,"_monsterinsights_sitenote_active":false,"_monsterinsights_sitenote_note":"","_monsterinsights_sitenote_category":0,"footnotes":""},"class_list":["post-1159","page","type-page","status-publish","has-post-thumbnail","hentry"],"aioseo_notices":[],"_links":{"self":[{"href":"https:\/\/www.liisakarling.com\/es\/wp-json\/wp\/v2\/pages\/1159","targetHints":{"allow":["GET"]}}],"collection":[{"href":"https:\/\/www.liisakarling.com\/es\/wp-json\/wp\/v2\/pages"}],"about":[{"href":"https:\/\/www.liisakarling.com\/es\/wp-json\/wp\/v2\/types\/page"}],"author":[{"embeddable":true,"href":"https:\/\/www.liisakarling.com\/es\/wp-json\/wp\/v2\/users\/1"}],"replies":[{"embeddable":true,"href":"https:\/\/www.liisakarling.com\/es\/wp-json\/wp\/v2\/comments?post=1159"}],"version-history":[{"count":0,"href":"https:\/\/www.liisakarling.com\/es\/wp-json\/wp\/v2\/pages\/1159\/revisions"}],"up":[{"embeddable":true,"href":"https:\/\/www.liisakarling.com\/es\/wp-json\/wp\/v2\/pages\/270"}],"wp:featuredmedia":[{"embeddable":true,"href":"https:\/\/www.liisakarling.com\/es\/wp-json\/wp\/v2\/media\/1105"}],"wp:attachment":[{"href":"https:\/\/www.liisakarling.com\/es\/wp-json\/wp\/v2\/media?parent=1159"}],"curies":[{"name":"wp","href":"https:\/\/api.w.org\/{rel}","templated":true}]}}